{"id":5129,"date":"2025-08-04T20:33:41","date_gmt":"2025-08-05T00:33:41","guid":{"rendered":"https:\/\/www.greenwoodcentre.org\/?page_id=5129"},"modified":"2025-08-04T20:45:15","modified_gmt":"2025-08-05T00:45:15","slug":"visites-et-the","status":"publish","type":"page","link":"https:\/\/www.greenwoodcentre.org\/fr\/visites-et-the\/","title":{"rendered":"Visites et Th\u00e9"},"content":{"rendered":"\t\t<div data-elementor-type=\"wp-page\" data-elementor-id=\"5129\" class=\"elementor elementor-5129 elementor-5128\" data-elementor-post-type=\"page\">\n\t\t\t\t<div class=\"elementor-element elementor-element-a1b935b e-flex e-con-boxed e-con e-parent\" data-id=\"a1b935b\" data-element_type=\"container\" data-e-type=\"container\" data-settings=\"{&quot;background_background&quot;:&quot;classic&quot;}\">\n\t\t\t\t\t<div class=\"e-con-inner\">\n\t\t<div class=\"elementor-element elementor-element-6865758 e-con-full e-flex e-con e-child\" data-id=\"6865758\" data-element_type=\"container\" data-e-type=\"container\">\n\t\t\t\t<div class=\"elementor-element elementor-element-63f52f5 elementor-widget-divider--view-line elementor-widget elementor-widget-divider\" data-id=\"63f52f5\" data-element_type=\"widget\" data-e-type=\"widget\" data-widget_type=\"divider.default\">\n\t\t\t\t<div class=\"elementor-widget-container\">\n\t\t\t\t\t\t\t<div class=\"elementor-divider\">\n\t\t\t<span class=\"elementor-divider-separator\">\n\t\t\t\t\t\t<\/span>\n\t\t<\/div>\n\t\t\t\t\t\t<\/div>\n\t\t\t\t<\/div>\n\t\t\t\t<div class=\"elementor-element elementor-element-76e236f elementor-widget elementor-widget-heading\" data-id=\"76e236f\" data-element_type=\"widget\" data-e-type=\"widget\" data-widget_type=\"heading.default\">\n\t\t\t\t<div class=\"elementor-widget-container\">\n\t\t\t\t\t<h1 class=\"elementor-heading-title elementor-size-default\">Visites et Th\u00e9<\/h1>\t\t\t\t<\/div>\n\t\t\t\t<\/div>\n\t\t\t\t<\/div>\n\t\t\t\t\t<\/div>\n\t\t\t\t<\/div>\n\t\t<div class=\"elementor-element elementor-element-b621352 e-flex e-con-boxed e-con e-parent\" data-id=\"b621352\" data-element_type=\"container\" data-e-type=\"container\" data-settings=\"{&quot;background_background&quot;:&quot;classic&quot;}\">\n\t\t\t\t\t<div class=\"e-con-inner\">\n\t\t<div class=\"elementor-element elementor-element-b0f5381 e-con-full e-flex e-con e-child\" data-id=\"b0f5381\" data-element_type=\"container\" data-e-type=\"container\" data-settings=\"{&quot;background_background&quot;:&quot;classic&quot;}\">\n\t\t\t\t<div class=\"elementor-element elementor-element-cc3fad9 elementor-widget-divider--view-line elementor-widget elementor-widget-divider\" data-id=\"cc3fad9\" data-element_type=\"widget\" data-e-type=\"widget\" data-widget_type=\"divider.default\">\n\t\t\t\t<div class=\"elementor-widget-container\">\n\t\t\t\t\t\t\t<div class=\"elementor-divider\">\n\t\t\t<span class=\"elementor-divider-separator\">\n\t\t\t\t\t\t<\/span>\n\t\t<\/div>\n\t\t\t\t\t\t<\/div>\n\t\t\t\t<\/div>\n\t\t\t\t<div class=\"elementor-element elementor-element-157d90d elementor-widget elementor-widget-text-editor\" data-id=\"157d90d\" data-element_type=\"widget\" data-e-type=\"widget\" data-widget_type=\"text-editor.default\">\n\t\t\t\t<div class=\"elementor-widget-container\">\n\t\t\t\t\t\t\t\t\t<p>Plongez dans pr\u00e8s de trois si\u00e8cles d\u2019histoire fascinante au Centre d\u2019histoire vivante Greenwood!<br \/>Joignez-vous \u00e0 nous pour une visite guid\u00e9e de cette maison patrimoniale tant aim\u00e9e, o\u00f9 chaque pi\u00e8ce r\u00e9v\u00e8le un nouveau chapitre rempli d\u2019histoires, de souvenirs et de r\u00e9cits de ceux qui y ont jadis v\u00e9cu. Du mobilier d\u2019\u00e9poque aux alc\u00f4ves secr\u00e8tes, chaque pas vous transporte \u00e0 travers le temps.<\/p><p>Que vous participiez ou non \u00e0 une visite, n\u2019h\u00e9sitez pas \u00e0 passer pour savourer une d\u00e9licieuse th\u00e9i\u00e8re accompagn\u00e9e de nos p\u00e2tisseries maison. Profitez de votre collation sur notre charmante v\u00e9randa, qui offre une vue pittoresque sur la rivi\u00e8re des Outaouais et nos jardins historiques \u2014 un lieu id\u00e9al pour se d\u00e9tendre et appr\u00e9cier la beaut\u00e9 sereine de Greenwood. Que ce soit l\u2019histoire, l\u2019ambiance envo\u00fbtante ou simplement une bonne tasse de th\u00e9 qui vous attire, une exp\u00e9rience unique vous attend.<\/p><p>Aucune r\u00e9servation n\u2019est requise de juin \u00e0 la fin ao\u00fbt \u2014 entrez simplement et profitez!<br \/>Cependant, si vous venez en groupe de six personnes ou plus, veuillez r\u00e9server \u00e0 l\u2019avance.<br \/>En septembre et octobre, les r\u00e9servations sont n\u00e9cessaires puisque notre personnel est limit\u00e9 et nos heures d\u2019ouverture irr\u00e9guli\u00e8res.<\/p>\t\t\t\t\t\t\t\t<\/div>\n\t\t\t\t<\/div>\n\t\t\t\t<\/div>\n\t\t<div class=\"elementor-element elementor-element-0f1e03a e-con-full e-flex e-con e-child\" data-id=\"0f1e03a\" data-element_type=\"container\" data-e-type=\"container\" data-settings=\"{&quot;background_background&quot;:&quot;classic&quot;}\">\n\t\t\t\t<div class=\"elementor-element elementor-element-1e2fe40 elementor-widget elementor-widget-spacer\" data-id=\"1e2fe40\" data-element_type=\"widget\" data-e-type=\"widget\" data-widget_type=\"spacer.default\">\n\t\t\t\t<div class=\"elementor-widget-container\">\n\t\t\t\t\t\t\t<div class=\"elementor-spacer\">\n\t\t\t<div class=\"elementor-spacer-inner\"><\/div>\n\t\t<\/div>\n\t\t\t\t\t\t<\/div>\n\t\t\t\t<\/div>\n\t\t\t\t<\/div>\n\t\t\t\t\t<\/div>\n\t\t\t\t<\/div>\n\t\t<div class=\"elementor-element elementor-element-f17b2c9 e-flex e-con-boxed e-con e-parent\" data-id=\"f17b2c9\" data-element_type=\"container\" data-e-type=\"container\" data-settings=\"{&quot;background_background&quot;:&quot;classic&quot;}\">\n\t\t\t\t\t<div class=\"e-con-inner\">\n\t\t<div class=\"elementor-element elementor-element-46c2322 e-con-full e-flex e-con e-child\" data-id=\"46c2322\" data-element_type=\"container\" data-e-type=\"container\">\n\t\t\t\t<div class=\"elementor-element elementor-element-7cf9bd9 elementor-widget__width-initial elementor-widget elementor-widget-heading\" data-id=\"7cf9bd9\" data-element_type=\"widget\" data-e-type=\"widget\" data-widget_type=\"heading.default\">\n\t\t\t\t<div class=\"elementor-widget-container\">\n\t\t\t\t\t<h2 class=\"elementor-heading-title elementor-size-default\">Heures d\u2019ouverture (mai \u2013 ao\u00fbt)<\/h2>\t\t\t\t<\/div>\n\t\t\t\t<\/div>\n\t\t\t\t<div class=\"elementor-element elementor-element-0252307 elementor-icon-list--layout-traditional elementor-list-item-link-full_width elementor-widget elementor-widget-icon-list\" data-id=\"0252307\" data-element_type=\"widget\" data-e-type=\"widget\" data-widget_type=\"icon-list.default\">\n\t\t\t\t<div class=\"elementor-widget-container\">\n\t\t\t\t\t\t\t<ul class=\"elementor-icon-list-items\">\n\t\t\t\t\t\t\t<li class=\"elementor-icon-list-item\">\n\t\t\t\t\t\t\t\t\t\t\t<span class=\"elementor-icon-list-icon\">\n\t\t\t\t\t\t\t<svg aria-hidden=\"true\" class=\"e-font-icon-svg e-fas-check-circle\" viewBox=\"0 0 512 512\" xmlns=\"http:\/\/www.w3.org\/2000\/svg\"><path d=\"M504 256c0 136.967-111.033 248-248 248S8 392.967 8 256 119.033 8 256 8s248 111.033 248 248zM227.314 387.314l184-184c6.248-6.248 6.248-16.379 0-22.627l-22.627-22.627c-6.248-6.249-16.379-6.249-22.628 0L216 308.118l-70.059-70.059c-6.248-6.248-16.379-6.248-22.628 0l-22.627 22.627c-6.248 6.248-6.248 16.379 0 22.627l104 104c6.249 6.249 16.379 6.249 22.628.001z\"><\/path><\/svg>\t\t\t\t\t\t<\/span>\n\t\t\t\t\t\t\t\t\t\t<span class=\"elementor-icon-list-text\"><strong>Du mercredi au samedi :<\/strong> 10 h \u2013 16 h<br><\/span>\n\t\t\t\t\t\t\t\t\t<\/li>\n\t\t\t\t\t\t\t\t<li class=\"elementor-icon-list-item\">\n\t\t\t\t\t\t\t\t\t\t\t<span class=\"elementor-icon-list-icon\">\n\t\t\t\t\t\t\t<svg aria-hidden=\"true\" class=\"e-font-icon-svg e-fas-check-circle\" viewBox=\"0 0 512 512\" xmlns=\"http:\/\/www.w3.org\/2000\/svg\"><path d=\"M504 256c0 136.967-111.033 248-248 248S8 392.967 8 256 119.033 8 256 8s248 111.033 248 248zM227.314 387.314l184-184c6.248-6.248 6.248-16.379 0-22.627l-22.627-22.627c-6.248-6.249-16.379-6.249-22.628 0L216 308.118l-70.059-70.059c-6.248-6.248-16.379-6.248-22.628 0l-22.627 22.627c-6.248 6.248-6.248 16.379 0 22.627l104 104c6.249 6.249 16.379 6.249 22.628.001z\"><\/path><\/svg>\t\t\t\t\t\t<\/span>\n\t\t\t\t\t\t\t\t\t\t<span class=\"elementor-icon-list-text\"><strong>Dimanche :<\/strong> 12 h \u2013 16 h<\/span>\n\t\t\t\t\t\t\t\t\t<\/li>\n\t\t\t\t\t\t<\/ul>\n\t\t\t\t\t\t<\/div>\n\t\t\t\t<\/div>\n\t\t\t\t<\/div>\n\t\t\t\t\t<\/div>\n\t\t\t\t<\/div>\n\t\t\t\t<\/div>\n\t\t","protected":false},"excerpt":{"rendered":"<p>Visites et Th\u00e9 Plongez dans pr\u00e8s de trois si\u00e8cles d\u2019histoire fascinante au Centre d\u2019histoire vivante Greenwood!Joignez-vous \u00e0 nous pour une visite guid\u00e9e de cette maison patrimoniale tant aim\u00e9e, o\u00f9 chaque pi\u00e8ce r\u00e9v\u00e8le un nouveau chapitre rempli d\u2019histoires, de souvenirs et de r\u00e9cits de ceux qui y ont jadis v\u00e9cu. Du mobilier d\u2019\u00e9poque aux alc\u00f4ves secr\u00e8tes, [&hellip;]<\/p>\n","protected":false},"author":2,"featured_media":0,"parent":0,"menu_order":0,"comment_status":"closed","ping_status":"closed","template":"elementor_header_footer","meta":{"site-sidebar-layout":"no-sidebar","site-content-layout":"","ast-site-content-layout":"full-width-container","site-content-style":"default","site-sidebar-style":"default","ast-global-header-display":"","ast-banner-title-visibility":"","ast-main-header-display":"","ast-hfb-above-header-display":"","ast-hfb-below-header-display":"","ast-hfb-mobile-header-display":"","site-post-title":"disabled","ast-breadcrumbs-content":"","ast-featured-img":"disabled","footer-sml-layout":"","ast-disable-related-posts":"","theme-transparent-header-meta":"enabled","adv-header-id-meta":"","stick-header-meta":"","header-above-stick-meta":"","header-main-stick-meta":"","header-below-stick-meta":"","astra-migrate-meta-layouts":"default","ast-page-background-enabled":"default","ast-page-background-meta":{"desktop":{"background-color":"var(--ast-global-color-4)","background-image":"","background-repeat":"repeat","background-position":"center center","background-size":"auto","background-attachment":"scroll","background-type":"","background-media":"","overlay-type":"","overlay-color":"","overlay-opacity":"","overlay-gradient":""},"tablet":{"background-color":"","background-image":"","background-repeat":"repeat","background-position":"center center","background-size":"auto","background-attachment":"scroll","background-type":"","background-media":"","overlay-type":"","overlay-color":"","overlay-opacity":"","overlay-gradient":""},"mobile":{"background-color":"","background-image":"","background-repeat":"repeat","background-position":"center center","background-size":"auto","background-attachment":"scroll","background-type":"","background-media":"","overlay-type":"","overlay-color":"","overlay-opacity":"","overlay-gradient":""}},"ast-content-background-meta":{"desktop":{"background-color":"var(--ast-global-color-5)","background-image":"","background-repeat":"repeat","background-position":"center center","background-size":"auto","background-attachment":"scroll","background-type":"","background-media":"","overlay-type":"","overlay-color":"","overlay-opacity":"","overlay-gradient":""},"tablet":{"background-color":"var(--ast-global-color-5)","background-image":"","background-repeat":"repeat","background-position":"center center","background-size":"auto","background-attachment":"scroll","background-type":"","background-media":"","overlay-type":"","overlay-color":"","overlay-opacity":"","overlay-gradient":""},"mobile":{"background-color":"var(--ast-global-color-5)","background-image":"","background-repeat":"repeat","background-position":"center center","background-size":"auto","background-attachment":"scroll","background-type":"","background-media":"","overlay-type":"","overlay-color":"","overlay-opacity":"","overlay-gradient":""}},"footnotes":""},"class_list":["post-5129","page","type-page","status-publish","hentry"],"yoast_head":"<!-- This site is optimized with the Yoast SEO plugin v27.4 - https:\/\/yoast.com\/product\/yoast-seo-wordpress\/ -->\n<title>Visites et Th\u00e9 - Greenwood Centre<\/title>\n<meta name=\"robots\" content=\"index, follow, max-snippet:-1, max-image-preview:large, max-video-preview:-1\" \/>\n<link rel=\"canonical\" href=\"https:\/\/www.greenwoodcentre.org\/tours-tea\/\" \/>\n<meta property=\"og:locale\" content=\"fr_FR\" \/>\n<meta property=\"og:type\" content=\"article\" \/>\n<meta property=\"og:title\" content=\"Visites et Th\u00e9 - Greenwood Centre\" \/>\n<meta property=\"og:description\" content=\"Visites et Th\u00e9 Plongez dans pr\u00e8s de trois si\u00e8cles d\u2019histoire fascinante au Centre d\u2019histoire vivante Greenwood!Joignez-vous \u00e0 nous pour une visite guid\u00e9e de cette maison patrimoniale tant aim\u00e9e, o\u00f9 chaque pi\u00e8ce r\u00e9v\u00e8le un nouveau chapitre rempli d\u2019histoires, de souvenirs et de r\u00e9cits de ceux qui y ont jadis v\u00e9cu. Du mobilier d\u2019\u00e9poque aux alc\u00f4ves secr\u00e8tes, [&hellip;]\" \/>\n<meta property=\"og:url\" content=\"https:\/\/www.greenwoodcentre.org\/tours-tea\/\" \/>\n<meta property=\"og:site_name\" content=\"Greenwood Centre\" \/>\n<meta property=\"article:modified_time\" content=\"2025-08-05T00:45:15+00:00\" \/>\n<meta name=\"twitter:card\" content=\"summary_large_image\" \/>\n<meta name=\"twitter:label1\" content=\"Dur\u00e9e de lecture estim\u00e9e\" \/>\n\t<meta name=\"twitter:data1\" content=\"2 minutes\" \/>\n<script type=\"application\/ld+json\" class=\"yoast-schema-graph\">{\"@context\":\"https:\\\/\\\/schema.org\",\"@graph\":[{\"@type\":\"WebPage\",\"@id\":\"https:\\\/\\\/www.greenwoodcentre.org\\\/tours-tea\\\/\",\"url\":\"https:\\\/\\\/www.greenwoodcentre.org\\\/tours-tea\\\/\",\"name\":\"Visites et Th\u00e9 - Greenwood Centre\",\"isPartOf\":{\"@id\":\"https:\\\/\\\/www.greenwoodcentre.org\\\/#website\"},\"datePublished\":\"2025-08-05T00:33:41+00:00\",\"dateModified\":\"2025-08-05T00:45:15+00:00\",\"breadcrumb\":{\"@id\":\"https:\\\/\\\/www.greenwoodcentre.org\\\/tours-tea\\\/#breadcrumb\"},\"inLanguage\":\"fr-FR\",\"potentialAction\":[{\"@type\":\"ReadAction\",\"target\":[\"https:\\\/\\\/www.greenwoodcentre.org\\\/tours-tea\\\/\"]}]},{\"@type\":\"BreadcrumbList\",\"@id\":\"https:\\\/\\\/www.greenwoodcentre.org\\\/tours-tea\\\/#breadcrumb\",\"itemListElement\":[{\"@type\":\"ListItem\",\"position\":1,\"name\":\"Home\",\"item\":\"https:\\\/\\\/www.greenwoodcentre.org\\\/fr\\\/\"},{\"@type\":\"ListItem\",\"position\":2,\"name\":\"Visites et Th\u00e9\"}]},{\"@type\":\"WebSite\",\"@id\":\"https:\\\/\\\/www.greenwoodcentre.org\\\/#website\",\"url\":\"https:\\\/\\\/www.greenwoodcentre.org\\\/\",\"name\":\"Greenwood Centre\",\"description\":\"\",\"publisher\":{\"@id\":\"https:\\\/\\\/www.greenwoodcentre.org\\\/#organization\"},\"potentialAction\":[{\"@type\":\"SearchAction\",\"target\":{\"@type\":\"EntryPoint\",\"urlTemplate\":\"https:\\\/\\\/www.greenwoodcentre.org\\\/?s={search_term_string}\"},\"query-input\":{\"@type\":\"PropertyValueSpecification\",\"valueRequired\":true,\"valueName\":\"search_term_string\"}}],\"inLanguage\":\"fr-FR\"},{\"@type\":\"Organization\",\"@id\":\"https:\\\/\\\/www.greenwoodcentre.org\\\/#organization\",\"name\":\"Greenwood Centre\",\"url\":\"https:\\\/\\\/www.greenwoodcentre.org\\\/\",\"logo\":{\"@type\":\"ImageObject\",\"inLanguage\":\"fr-FR\",\"@id\":\"https:\\\/\\\/www.greenwoodcentre.org\\\/#\\\/schema\\\/logo\\\/image\\\/\",\"url\":\"https:\\\/\\\/www.greenwoodcentre.org\\\/wp-content\\\/uploads\\\/2024\\\/06\\\/Logo-Greenwood-en-white.webp\",\"contentUrl\":\"https:\\\/\\\/www.greenwoodcentre.org\\\/wp-content\\\/uploads\\\/2024\\\/06\\\/Logo-Greenwood-en-white.webp\",\"width\":1920,\"height\":260,\"caption\":\"Greenwood Centre\"},\"image\":{\"@id\":\"https:\\\/\\\/www.greenwoodcentre.org\\\/#\\\/schema\\\/logo\\\/image\\\/\"}}]}<\/script>\n<!-- \/ Yoast SEO plugin. -->","yoast_head_json":{"title":"Visites et Th\u00e9 - Greenwood Centre","robots":{"index":"index","follow":"follow","max-snippet":"max-snippet:-1","max-image-preview":"max-image-preview:large","max-video-preview":"max-video-preview:-1"},"canonical":"https:\/\/www.greenwoodcentre.org\/tours-tea\/","og_locale":"fr_FR","og_type":"article","og_title":"Visites et Th\u00e9 - Greenwood Centre","og_description":"Visites et Th\u00e9 Plongez dans pr\u00e8s de trois si\u00e8cles d\u2019histoire fascinante au Centre d\u2019histoire vivante Greenwood!Joignez-vous \u00e0 nous pour une visite guid\u00e9e de cette maison patrimoniale tant aim\u00e9e, o\u00f9 chaque pi\u00e8ce r\u00e9v\u00e8le un nouveau chapitre rempli d\u2019histoires, de souvenirs et de r\u00e9cits de ceux qui y ont jadis v\u00e9cu. Du mobilier d\u2019\u00e9poque aux alc\u00f4ves secr\u00e8tes, [&hellip;]","og_url":"https:\/\/www.greenwoodcentre.org\/tours-tea\/","og_site_name":"Greenwood Centre","article_modified_time":"2025-08-05T00:45:15+00:00","twitter_card":"summary_large_image","twitter_misc":{"Dur\u00e9e de lecture estim\u00e9e":"2 minutes"},"schema":{"@context":"https:\/\/schema.org","@graph":[{"@type":"WebPage","@id":"https:\/\/www.greenwoodcentre.org\/tours-tea\/","url":"https:\/\/www.greenwoodcentre.org\/tours-tea\/","name":"Visites et Th\u00e9 - Greenwood Centre","isPartOf":{"@id":"https:\/\/www.greenwoodcentre.org\/#website"},"datePublished":"2025-08-05T00:33:41+00:00","dateModified":"2025-08-05T00:45:15+00:00","breadcrumb":{"@id":"https:\/\/www.greenwoodcentre.org\/tours-tea\/#breadcrumb"},"inLanguage":"fr-FR","potentialAction":[{"@type":"ReadAction","target":["https:\/\/www.greenwoodcentre.org\/tours-tea\/"]}]},{"@type":"BreadcrumbList","@id":"https:\/\/www.greenwoodcentre.org\/tours-tea\/#breadcrumb","itemListElement":[{"@type":"ListItem","position":1,"name":"Home","item":"https:\/\/www.greenwoodcentre.org\/fr\/"},{"@type":"ListItem","position":2,"name":"Visites et Th\u00e9"}]},{"@type":"WebSite","@id":"https:\/\/www.greenwoodcentre.org\/#website","url":"https:\/\/www.greenwoodcentre.org\/","name":"Greenwood Centre","description":"","publisher":{"@id":"https:\/\/www.greenwoodcentre.org\/#organization"},"potentialAction":[{"@type":"SearchAction","target":{"@type":"EntryPoint","urlTemplate":"https:\/\/www.greenwoodcentre.org\/?s={search_term_string}"},"query-input":{"@type":"PropertyValueSpecification","valueRequired":true,"valueName":"search_term_string"}}],"inLanguage":"fr-FR"},{"@type":"Organization","@id":"https:\/\/www.greenwoodcentre.org\/#organization","name":"Greenwood Centre","url":"https:\/\/www.greenwoodcentre.org\/","logo":{"@type":"ImageObject","inLanguage":"fr-FR","@id":"https:\/\/www.greenwoodcentre.org\/#\/schema\/logo\/image\/","url":"https:\/\/www.greenwoodcentre.org\/wp-content\/uploads\/2024\/06\/Logo-Greenwood-en-white.webp","contentUrl":"https:\/\/www.greenwoodcentre.org\/wp-content\/uploads\/2024\/06\/Logo-Greenwood-en-white.webp","width":1920,"height":260,"caption":"Greenwood Centre"},"image":{"@id":"https:\/\/www.greenwoodcentre.org\/#\/schema\/logo\/image\/"}}]}},"_links":{"self":[{"href":"https:\/\/www.greenwoodcentre.org\/fr\/wp-json\/wp\/v2\/pages\/5129","targetHints":{"allow":["GET"]}}],"collection":[{"href":"https:\/\/www.greenwoodcentre.org\/fr\/wp-json\/wp\/v2\/pages"}],"about":[{"href":"https:\/\/www.greenwoodcentre.org\/fr\/wp-json\/wp\/v2\/types\/page"}],"author":[{"embeddable":true,"href":"https:\/\/www.greenwoodcentre.org\/fr\/wp-json\/wp\/v2\/users\/2"}],"replies":[{"embeddable":true,"href":"https:\/\/www.greenwoodcentre.org\/fr\/wp-json\/wp\/v2\/comments?post=5129"}],"version-history":[{"count":0,"href":"https:\/\/www.greenwoodcentre.org\/fr\/wp-json\/wp\/v2\/pages\/5129\/revisions"}],"wp:attachment":[{"href":"https:\/\/www.greenwoodcentre.org\/fr\/wp-json\/wp\/v2\/media?parent=5129"}],"curies":[{"name":"wp","href":"https:\/\/api.w.org\/{rel}","templated":true}]}}